{"id":122,"date":"2021-01-12T17:19:28","date_gmt":"2021-01-12T16:19:28","guid":{"rendered":"http:\/\/exxact-robotics.chfleury.fr\/accueil\/"},"modified":"2025-12-09T20:15:18","modified_gmt":"2025-12-09T19:15:18","slug":"home","status":"publish","type":"page","link":"https:\/\/exxact-robotics.com\/en\/","title":{"rendered":"Home"},"content":{"rendered":"","protected":false},"excerpt":{"rendered":"","protected":false},"author":1,"featured_media":0,"parent":0,"menu_order":1,"comment_status":"closed","ping_status":"open","template":"templates\/home.php","meta":{"_acf_changed":false,"episode_type":"","audio_file":"","podmotor_file_id":"","podmotor_episode_id":"","cover_image":"","cover_image_id":"","duration":"","filesize":"","filesize_raw":"","date_recorded":"","explicit":"","block":"","footnotes":""},"class_list":["post-122","page","type-page","status-publish","hentry"],"acf":[],"yoast_head":"<!-- This site is optimized with the Yoast SEO plugin v27.3 - https:\/\/yoast.com\/product\/yoast-seo-wordpress\/ -->\n<title>Home - Exxact Robotics<\/title>\n<meta name=\"robots\" content=\"index, follow, max-snippet:-1, max-image-preview:large, max-video-preview:-1\" \/>\n<link rel=\"canonical\" href=\"https:\/\/exxact-robotics.com\/en\/\" \/>\n<meta property=\"og:locale\" content=\"en_US\" \/>\n<meta property=\"og:type\" content=\"article\" \/>\n<meta property=\"og:title\" content=\"Home - Exxact Robotics\" \/>\n<meta property=\"og:url\" content=\"https:\/\/exxact-robotics.com\/en\/\" \/>\n<meta property=\"og:site_name\" content=\"Exxact Robotics\" \/>\n<meta property=\"article:modified_time\" content=\"2025-12-09T19:15:18+00:00\" \/>\n<meta name=\"twitter:card\" content=\"summary_large_image\" \/>\n<meta name=\"twitter:site\" content=\"@ExxactR\" \/>\n<script type=\"application\/ld+json\" class=\"yoast-schema-graph\">{\"@context\":\"https:\\\/\\\/schema.org\",\"@graph\":[{\"@type\":\"WebPage\",\"@id\":\"https:\\\/\\\/exxact-robotics.com\\\/en\\\/\",\"url\":\"https:\\\/\\\/exxact-robotics.com\\\/en\\\/\",\"name\":\"Home - Exxact Robotics\",\"isPartOf\":{\"@id\":\"https:\\\/\\\/exxact-robotics.com\\\/en\\\/#website\"},\"datePublished\":\"2021-01-12T16:19:28+00:00\",\"dateModified\":\"2025-12-09T19:15:18+00:00\",\"inLanguage\":\"en-US\",\"potentialAction\":[{\"@type\":\"ReadAction\",\"target\":[\"https:\\\/\\\/exxact-robotics.com\\\/en\\\/\"]}]},{\"@type\":\"WebSite\",\"@id\":\"https:\\\/\\\/exxact-robotics.com\\\/en\\\/#website\",\"url\":\"https:\\\/\\\/exxact-robotics.com\\\/en\\\/\",\"name\":\"Exxact Robotics\",\"description\":\"EXXACT Robotics d\u00e9livre des solutions d&#039;agriculture de pr\u00e9cision (solutions robotis\u00e9es, capteurs) pour la protection des plantes.\",\"potentialAction\":[{\"@type\":\"SearchAction\",\"target\":{\"@type\":\"EntryPoint\",\"urlTemplate\":\"https:\\\/\\\/exxact-robotics.com\\\/en\\\/?s={search_term_string}\"},\"query-input\":{\"@type\":\"PropertyValueSpecification\",\"valueRequired\":true,\"valueName\":\"search_term_string\"}}],\"inLanguage\":\"en-US\"}]}<\/script>\n<!-- \/ Yoast SEO plugin. -->","yoast_head_json":{"title":"Home - Exxact Robotics","robots":{"index":"index","follow":"follow","max-snippet":"max-snippet:-1","max-image-preview":"max-image-preview:large","max-video-preview":"max-video-preview:-1"},"canonical":"https:\/\/exxact-robotics.com\/en\/","og_locale":"en_US","og_type":"article","og_title":"Home - Exxact Robotics","og_url":"https:\/\/exxact-robotics.com\/en\/","og_site_name":"Exxact Robotics","article_modified_time":"2025-12-09T19:15:18+00:00","twitter_card":"summary_large_image","twitter_site":"@ExxactR","schema":{"@context":"https:\/\/schema.org","@graph":[{"@type":"WebPage","@id":"https:\/\/exxact-robotics.com\/en\/","url":"https:\/\/exxact-robotics.com\/en\/","name":"Home - Exxact Robotics","isPartOf":{"@id":"https:\/\/exxact-robotics.com\/en\/#website"},"datePublished":"2021-01-12T16:19:28+00:00","dateModified":"2025-12-09T19:15:18+00:00","inLanguage":"en-US","potentialAction":[{"@type":"ReadAction","target":["https:\/\/exxact-robotics.com\/en\/"]}]},{"@type":"WebSite","@id":"https:\/\/exxact-robotics.com\/en\/#website","url":"https:\/\/exxact-robotics.com\/en\/","name":"Exxact Robotics","description":"EXXACT Robotics d\u00e9livre des solutions d&#039;agriculture de pr\u00e9cision (solutions robotis\u00e9es, capteurs) pour la protection des plantes.","potentialAction":[{"@type":"SearchAction","target":{"@type":"EntryPoint","urlTemplate":"https:\/\/exxact-robotics.com\/en\/?s={search_term_string}"},"query-input":{"@type":"PropertyValueSpecification","valueRequired":true,"valueName":"search_term_string"}}],"inLanguage":"en-US"}]}},"_links":{"self":[{"href":"https:\/\/exxact-robotics.com\/en\/wp-json\/wp\/v2\/pages\/122","targetHints":{"allow":["GET"]}}],"collection":[{"href":"https:\/\/exxact-robotics.com\/en\/wp-json\/wp\/v2\/pages"}],"about":[{"href":"https:\/\/exxact-robotics.com\/en\/wp-json\/wp\/v2\/types\/page"}],"author":[{"embeddable":true,"href":"https:\/\/exxact-robotics.com\/en\/wp-json\/wp\/v2\/users\/1"}],"replies":[{"embeddable":true,"href":"https:\/\/exxact-robotics.com\/en\/wp-json\/wp\/v2\/comments?post=122"}],"version-history":[{"count":31,"href":"https:\/\/exxact-robotics.com\/en\/wp-json\/wp\/v2\/pages\/122\/revisions"}],"predecessor-version":[{"id":131584,"href":"https:\/\/exxact-robotics.com\/en\/wp-json\/wp\/v2\/pages\/122\/revisions\/131584"}],"wp:attachment":[{"href":"https:\/\/exxact-robotics.com\/en\/wp-json\/wp\/v2\/media?parent=122"}],"curies":[{"name":"wp","href":"https:\/\/api.w.org\/{rel}","templated":true}]}}