{"id":183,"date":"2021-01-12T17:19:28","date_gmt":"2021-01-12T16:19:28","guid":{"rendered":"http:\/\/exxact-robotics.chfleury.fr\/mentions-legales\/"},"modified":"2025-11-07T09:59:43","modified_gmt":"2025-11-07T08:59:43","slug":"legal-notice","status":"publish","type":"page","link":"https:\/\/exxact-robotics.com\/en\/legal-notice\/","title":{"rendered":"Legal Notice"},"content":{"rendered":"<h2>WEBSITE EDITOR<\/h2>\n<p>The website <a href=\"http:\/\/www.exxact-robotics.com\">www.exxact-robotics.com<\/a> is published by EXXACT ROBOTICS, a Company incorporated under French Law with a share capital of 13.601.000,00\u20ac registered in the Reims Trade and Company Register under no. 878 255 512 and whose registered office is located at 1 rue Vincent Ballu 51200 Epernay<\/p>\n<p>Telephone number : 03 26 53 25 05<\/p>\n<p>Contact email : <a href=\"mailto:contact@exxact-robotics.com\">contact@exxact-robotics.com<\/a><\/p>\n<p>VAT number : FR71878255512<\/p>\n<h2>WEBSITE HOST<\/h2>\n<p>The provider who hosts the website is OVH, a Company incorporated under French Law with a share capital of 50.000.000,00 \u20ac registered in the Lille Trade and Company Register under no. 878 255 512 and whose registered office is located at 2 rue Kellermann 59100 Roubaix.<\/p>\n<p>Telephone number : 09 72 10 10 07<\/p>\n<h2>DIRECTOR OF PUBLICATION AND EDITOR<\/h2>\n<p>Name of the director of the publication : Vincent RACHET<\/p>\n<p>EXXACT ROBOTICS may have to modify and update the above-mentioned information.<\/p>\n<p>We therefore invite you to consult this page regularly.<\/p>\n","protected":false},"excerpt":{"rendered":"<p>WEBSITE EDITOR The website www.exxact-robotics.com is published by EXXACT ROBOTICS, a Company incorporated under French Law with a share capital of 13.601.000,00\u20ac registered in the Reims Trade and Company Register under no. 878 255 512 and whose registered office is located at 1 rue Vincent Ballu 51200 Epernay Telephone number : 03 26 53 25 [&hellip;]<\/p>\n","protected":false},"author":1,"featured_media":0,"parent":0,"menu_order":8,"comment_status":"closed","ping_status":"open","template":"","meta":{"_acf_changed":false,"episode_type":"","audio_file":"","podmotor_file_id":"","podmotor_episode_id":"","cover_image":"","cover_image_id":"","duration":"","filesize":"","filesize_raw":"","date_recorded":"","explicit":"","block":"","footnotes":""},"class_list":["post-183","page","type-page","status-publish","hentry"],"acf":[],"yoast_head":"<!-- This site is optimized with the Yoast SEO plugin v27.3 - https:\/\/yoast.com\/product\/yoast-seo-wordpress\/ -->\n<title>Legal Notice - Exxact Robotics<\/title>\n<meta name=\"robots\" content=\"index, follow, max-snippet:-1, max-image-preview:large, max-video-preview:-1\" \/>\n<link rel=\"canonical\" href=\"https:\/\/exxact-robotics.com\/en\/legal-notice\/\" \/>\n<meta property=\"og:locale\" content=\"en_US\" \/>\n<meta property=\"og:type\" content=\"article\" \/>\n<meta property=\"og:title\" content=\"Legal Notice - Exxact Robotics\" \/>\n<meta property=\"og:description\" content=\"WEBSITE EDITOR The website www.exxact-robotics.com is published by EXXACT ROBOTICS, a Company incorporated under French Law with a share capital of 13.601.000,00\u20ac registered in the Reims Trade and Company Register under no. 878 255 512 and whose registered office is located at 1 rue Vincent Ballu 51200 Epernay Telephone number : 03 26 53 25 [&hellip;]\" \/>\n<meta property=\"og:url\" content=\"https:\/\/exxact-robotics.com\/en\/legal-notice\/\" \/>\n<meta property=\"og:site_name\" content=\"Exxact Robotics\" \/>\n<meta property=\"article:modified_time\" content=\"2025-11-07T08:59:43+00:00\" \/>\n<meta name=\"twitter:card\" content=\"summary_large_image\" \/>\n<meta name=\"twitter:site\" content=\"@ExxactR\" \/>\n<script type=\"application\/ld+json\" class=\"yoast-schema-graph\">{\"@context\":\"https:\\\/\\\/schema.org\",\"@graph\":[{\"@type\":\"WebPage\",\"@id\":\"https:\\\/\\\/exxact-robotics.com\\\/en\\\/legal-notice\\\/\",\"url\":\"https:\\\/\\\/exxact-robotics.com\\\/en\\\/legal-notice\\\/\",\"name\":\"Legal Notice - Exxact Robotics\",\"isPartOf\":{\"@id\":\"https:\\\/\\\/exxact-robotics.com\\\/en\\\/#website\"},\"datePublished\":\"2021-01-12T16:19:28+00:00\",\"dateModified\":\"2025-11-07T08:59:43+00:00\",\"inLanguage\":\"en-US\",\"potentialAction\":[{\"@type\":\"ReadAction\",\"target\":[\"https:\\\/\\\/exxact-robotics.com\\\/en\\\/legal-notice\\\/\"]}]},{\"@type\":\"WebSite\",\"@id\":\"https:\\\/\\\/exxact-robotics.com\\\/en\\\/#website\",\"url\":\"https:\\\/\\\/exxact-robotics.com\\\/en\\\/\",\"name\":\"Exxact Robotics\",\"description\":\"EXXACT Robotics d\u00e9livre des solutions d&#039;agriculture de pr\u00e9cision (solutions robotis\u00e9es, capteurs) pour la protection des plantes.\",\"potentialAction\":[{\"@type\":\"SearchAction\",\"target\":{\"@type\":\"EntryPoint\",\"urlTemplate\":\"https:\\\/\\\/exxact-robotics.com\\\/en\\\/?s={search_term_string}\"},\"query-input\":{\"@type\":\"PropertyValueSpecification\",\"valueRequired\":true,\"valueName\":\"search_term_string\"}}],\"inLanguage\":\"en-US\"}]}<\/script>\n<!-- \/ Yoast SEO plugin. -->","yoast_head_json":{"title":"Legal Notice - Exxact Robotics","robots":{"index":"index","follow":"follow","max-snippet":"max-snippet:-1","max-image-preview":"max-image-preview:large","max-video-preview":"max-video-preview:-1"},"canonical":"https:\/\/exxact-robotics.com\/en\/legal-notice\/","og_locale":"en_US","og_type":"article","og_title":"Legal Notice - Exxact Robotics","og_description":"WEBSITE EDITOR The website www.exxact-robotics.com is published by EXXACT ROBOTICS, a Company incorporated under French Law with a share capital of 13.601.000,00\u20ac registered in the Reims Trade and Company Register under no. 878 255 512 and whose registered office is located at 1 rue Vincent Ballu 51200 Epernay Telephone number : 03 26 53 25 [&hellip;]","og_url":"https:\/\/exxact-robotics.com\/en\/legal-notice\/","og_site_name":"Exxact Robotics","article_modified_time":"2025-11-07T08:59:43+00:00","twitter_card":"summary_large_image","twitter_site":"@ExxactR","schema":{"@context":"https:\/\/schema.org","@graph":[{"@type":"WebPage","@id":"https:\/\/exxact-robotics.com\/en\/legal-notice\/","url":"https:\/\/exxact-robotics.com\/en\/legal-notice\/","name":"Legal Notice - Exxact Robotics","isPartOf":{"@id":"https:\/\/exxact-robotics.com\/en\/#website"},"datePublished":"2021-01-12T16:19:28+00:00","dateModified":"2025-11-07T08:59:43+00:00","inLanguage":"en-US","potentialAction":[{"@type":"ReadAction","target":["https:\/\/exxact-robotics.com\/en\/legal-notice\/"]}]},{"@type":"WebSite","@id":"https:\/\/exxact-robotics.com\/en\/#website","url":"https:\/\/exxact-robotics.com\/en\/","name":"Exxact Robotics","description":"EXXACT Robotics d\u00e9livre des solutions d&#039;agriculture de pr\u00e9cision (solutions robotis\u00e9es, capteurs) pour la protection des plantes.","potentialAction":[{"@type":"SearchAction","target":{"@type":"EntryPoint","urlTemplate":"https:\/\/exxact-robotics.com\/en\/?s={search_term_string}"},"query-input":{"@type":"PropertyValueSpecification","valueRequired":true,"valueName":"search_term_string"}}],"inLanguage":"en-US"}]}},"_links":{"self":[{"href":"https:\/\/exxact-robotics.com\/en\/wp-json\/wp\/v2\/pages\/183","targetHints":{"allow":["GET"]}}],"collection":[{"href":"https:\/\/exxact-robotics.com\/en\/wp-json\/wp\/v2\/pages"}],"about":[{"href":"https:\/\/exxact-robotics.com\/en\/wp-json\/wp\/v2\/types\/page"}],"author":[{"embeddable":true,"href":"https:\/\/exxact-robotics.com\/en\/wp-json\/wp\/v2\/users\/1"}],"replies":[{"embeddable":true,"href":"https:\/\/exxact-robotics.com\/en\/wp-json\/wp\/v2\/comments?post=183"}],"version-history":[{"count":4,"href":"https:\/\/exxact-robotics.com\/en\/wp-json\/wp\/v2\/pages\/183\/revisions"}],"predecessor-version":[{"id":131503,"href":"https:\/\/exxact-robotics.com\/en\/wp-json\/wp\/v2\/pages\/183\/revisions\/131503"}],"wp:attachment":[{"href":"https:\/\/exxact-robotics.com\/en\/wp-json\/wp\/v2\/media?parent=183"}],"curies":[{"name":"wp","href":"https:\/\/api.w.org\/{rel}","templated":true}]}}