{"id":186,"date":"2021-01-12T17:34:27","date_gmt":"2021-01-12T16:34:27","guid":{"rendered":"http:\/\/exxact-robotics.chfleury.fr\/contact\/"},"modified":"2025-11-06T14:04:25","modified_gmt":"2025-11-06T13:04:25","slug":"contact","status":"publish","type":"page","link":"https:\/\/exxact-robotics.com\/en\/contact\/","title":{"rendered":"Contact"},"content":{"rendered":"","protected":false},"excerpt":{"rendered":"","protected":false},"author":1,"featured_media":0,"parent":0,"menu_order":3,"comment_status":"closed","ping_status":"closed","template":"templates\/contact.php","meta":{"_acf_changed":false,"episode_type":"","audio_file":"","podmotor_file_id":"","podmotor_episode_id":"","cover_image":"","cover_image_id":"","duration":"","filesize":"","filesize_raw":"","date_recorded":"","explicit":"","block":"","footnotes":""},"class_list":["post-186","page","type-page","status-publish","hentry"],"acf":[],"yoast_head":"<!-- This site is optimized with the Yoast SEO plugin v27.3 - https:\/\/yoast.com\/product\/yoast-seo-wordpress\/ -->\n<title>Contact - Exxact Robotics<\/title>\n<meta name=\"description\" content=\"How to contact Exxact Robotics ?\" \/>\n<meta name=\"robots\" content=\"index, follow, max-snippet:-1, max-image-preview:large, max-video-preview:-1\" \/>\n<link rel=\"canonical\" href=\"https:\/\/exxact-robotics.com\/en\/contact\/\" \/>\n<meta property=\"og:locale\" content=\"en_US\" \/>\n<meta property=\"og:type\" content=\"article\" \/>\n<meta property=\"og:title\" content=\"Contact - Exxact Robotics\" \/>\n<meta property=\"og:description\" content=\"How to contact Exxact Robotics ?\" \/>\n<meta property=\"og:url\" content=\"https:\/\/exxact-robotics.com\/en\/contact\/\" \/>\n<meta property=\"og:site_name\" content=\"Exxact Robotics\" \/>\n<meta property=\"article:modified_time\" content=\"2025-11-06T13:04:25+00:00\" \/>\n<meta name=\"twitter:card\" content=\"summary_large_image\" \/>\n<meta name=\"twitter:site\" content=\"@ExxactR\" \/>\n<script type=\"application\/ld+json\" class=\"yoast-schema-graph\">{\"@context\":\"https:\\\/\\\/schema.org\",\"@graph\":[{\"@type\":\"WebPage\",\"@id\":\"https:\\\/\\\/exxact-robotics.com\\\/en\\\/contact\\\/\",\"url\":\"https:\\\/\\\/exxact-robotics.com\\\/en\\\/contact\\\/\",\"name\":\"Contact - Exxact Robotics\",\"isPartOf\":{\"@id\":\"https:\\\/\\\/exxact-robotics.com\\\/en\\\/#website\"},\"datePublished\":\"2021-01-12T16:34:27+00:00\",\"dateModified\":\"2025-11-06T13:04:25+00:00\",\"description\":\"How to contact Exxact Robotics ?\",\"inLanguage\":\"en-US\",\"potentialAction\":[{\"@type\":\"ReadAction\",\"target\":[\"https:\\\/\\\/exxact-robotics.com\\\/en\\\/contact\\\/\"]}]},{\"@type\":\"WebSite\",\"@id\":\"https:\\\/\\\/exxact-robotics.com\\\/en\\\/#website\",\"url\":\"https:\\\/\\\/exxact-robotics.com\\\/en\\\/\",\"name\":\"Exxact Robotics\",\"description\":\"EXXACT Robotics d\u00e9livre des solutions d&#039;agriculture de pr\u00e9cision (solutions robotis\u00e9es, capteurs) pour la protection des plantes.\",\"potentialAction\":[{\"@type\":\"SearchAction\",\"target\":{\"@type\":\"EntryPoint\",\"urlTemplate\":\"https:\\\/\\\/exxact-robotics.com\\\/en\\\/?s={search_term_string}\"},\"query-input\":{\"@type\":\"PropertyValueSpecification\",\"valueRequired\":true,\"valueName\":\"search_term_string\"}}],\"inLanguage\":\"en-US\"}]}<\/script>\n<!-- \/ Yoast SEO plugin. -->","yoast_head_json":{"title":"Contact - Exxact Robotics","description":"How to contact Exxact Robotics ?","robots":{"index":"index","follow":"follow","max-snippet":"max-snippet:-1","max-image-preview":"max-image-preview:large","max-video-preview":"max-video-preview:-1"},"canonical":"https:\/\/exxact-robotics.com\/en\/contact\/","og_locale":"en_US","og_type":"article","og_title":"Contact - Exxact Robotics","og_description":"How to contact Exxact Robotics ?","og_url":"https:\/\/exxact-robotics.com\/en\/contact\/","og_site_name":"Exxact Robotics","article_modified_time":"2025-11-06T13:04:25+00:00","twitter_card":"summary_large_image","twitter_site":"@ExxactR","schema":{"@context":"https:\/\/schema.org","@graph":[{"@type":"WebPage","@id":"https:\/\/exxact-robotics.com\/en\/contact\/","url":"https:\/\/exxact-robotics.com\/en\/contact\/","name":"Contact - Exxact Robotics","isPartOf":{"@id":"https:\/\/exxact-robotics.com\/en\/#website"},"datePublished":"2021-01-12T16:34:27+00:00","dateModified":"2025-11-06T13:04:25+00:00","description":"How to contact Exxact Robotics ?","inLanguage":"en-US","potentialAction":[{"@type":"ReadAction","target":["https:\/\/exxact-robotics.com\/en\/contact\/"]}]},{"@type":"WebSite","@id":"https:\/\/exxact-robotics.com\/en\/#website","url":"https:\/\/exxact-robotics.com\/en\/","name":"Exxact Robotics","description":"EXXACT Robotics d\u00e9livre des solutions d&#039;agriculture de pr\u00e9cision (solutions robotis\u00e9es, capteurs) pour la protection des plantes.","potentialAction":[{"@type":"SearchAction","target":{"@type":"EntryPoint","urlTemplate":"https:\/\/exxact-robotics.com\/en\/?s={search_term_string}"},"query-input":{"@type":"PropertyValueSpecification","valueRequired":true,"valueName":"search_term_string"}}],"inLanguage":"en-US"}]}},"_links":{"self":[{"href":"https:\/\/exxact-robotics.com\/en\/wp-json\/wp\/v2\/pages\/186","targetHints":{"allow":["GET"]}}],"collection":[{"href":"https:\/\/exxact-robotics.com\/en\/wp-json\/wp\/v2\/pages"}],"about":[{"href":"https:\/\/exxact-robotics.com\/en\/wp-json\/wp\/v2\/types\/page"}],"author":[{"embeddable":true,"href":"https:\/\/exxact-robotics.com\/en\/wp-json\/wp\/v2\/users\/1"}],"replies":[{"embeddable":true,"href":"https:\/\/exxact-robotics.com\/en\/wp-json\/wp\/v2\/comments?post=186"}],"version-history":[{"count":2,"href":"https:\/\/exxact-robotics.com\/en\/wp-json\/wp\/v2\/pages\/186\/revisions"}],"predecessor-version":[{"id":131500,"href":"https:\/\/exxact-robotics.com\/en\/wp-json\/wp\/v2\/pages\/186\/revisions\/131500"}],"wp:attachment":[{"href":"https:\/\/exxact-robotics.com\/en\/wp-json\/wp\/v2\/media?parent=186"}],"curies":[{"name":"wp","href":"https:\/\/api.w.org\/{rel}","templated":true}]}}